{"id":100,"date":"2022-05-17T13:45:34","date_gmt":"2022-05-17T13:45:34","guid":{"rendered":"https:\/\/adidaswatches.com\/care-instructions-user-manuals\/"},"modified":"2025-10-28T09:16:59","modified_gmt":"2025-10-28T09:16:59","slug":"instructions-dentretien-manuels-dutilisation","status":"publish","type":"page","link":"https:\/\/adidaswatches.com\/fr\/instructions-dentretien-manuels-dutilisation\/","title":{"rendered":"Instructions d&rsquo;entretien &#038; Manuels d&rsquo;utilisation"},"content":{"rendered":"\n<figure class=\"wp-block-image alignfull size-full hidden-mobile\"><img loading=\"lazy\" decoding=\"async\" width=\"2560\" height=\"547\" src=\"https:\/\/adidaswatches.com\/wp-content\/uploads\/2025\/10\/DESKTOP_08.jpg\" alt=\"\" class=\"wp-image-1528\" srcset=\"https:\/\/adidaswatches.com\/wp-content\/uploads\/2025\/10\/DESKTOP_08.jpg 2560w, https:\/\/adidaswatches.com\/wp-content\/uploads\/2025\/10\/DESKTOP_08-300x64.jpg 300w, https:\/\/adidaswatches.com\/wp-content\/uploads\/2025\/10\/DESKTOP_08-1024x219.jpg 1024w, https:\/\/adidaswatches.com\/wp-content\/uploads\/2025\/10\/DESKTOP_08-768x164.jpg 768w, https:\/\/adidaswatches.com\/wp-content\/uploads\/2025\/10\/DESKTOP_08-1536x328.jpg 1536w, https:\/\/adidaswatches.com\/wp-content\/uploads\/2025\/10\/DESKTOP_08-2048x438.jpg 2048w\" sizes=\"auto, (max-width: 2560px) 100vw, 2560px\" \/><\/figure>\n\n\n\n<figure class=\"wp-block-image alignfull size-full hidden-desktop\"><img loading=\"lazy\" decoding=\"async\" width=\"2560\" height=\"1600\" src=\"https:\/\/adidaswatches.com\/wp-content\/uploads\/2025\/10\/MOBILE_08.jpg\" alt=\"\" class=\"wp-image-1526\" srcset=\"https:\/\/adidaswatches.com\/wp-content\/uploads\/2025\/10\/MOBILE_08.jpg 2560w, https:\/\/adidaswatches.com\/wp-content\/uploads\/2025\/10\/MOBILE_08-300x188.jpg 300w, https:\/\/adidaswatches.com\/wp-content\/uploads\/2025\/10\/MOBILE_08-1024x640.jpg 1024w, https:\/\/adidaswatches.com\/wp-content\/uploads\/2025\/10\/MOBILE_08-768x480.jpg 768w, https:\/\/adidaswatches.com\/wp-content\/uploads\/2025\/10\/MOBILE_08-1536x960.jpg 1536w, https:\/\/adidaswatches.com\/wp-content\/uploads\/2025\/10\/MOBILE_08-2048x1280.jpg 2048w\" sizes=\"auto, (max-width: 2560px) 100vw, 2560px\" \/><\/figure>\n\n\n\n<div class=\"wp-block-group customer-service__main\"><div class=\"wp-block-group__inner-container is-layout-flow wp-block-group-is-layout-flow\">\n<div class=\"wp-block-columns is-layout-flex wp-container-core-columns-is-layout-9d6595d7 wp-block-columns-is-layout-flex\">\n<div class=\"wp-block-column is-layout-flow wp-block-column-is-layout-flow\">\n<h3 class=\"wp-block-heading\">Assistance<\/h3>\n\n\n<nav class=\"is-vertical no-wrap wp-block-navigation is-nowrap is-layout-flex wp-container-core-navigation-is-layout-947ac36b wp-block-navigation-is-layout-flex\" aria-label=\"Assistance\"><ul class=\"wp-block-navigation__container  is-vertical no-wrap wp-block-navigation\"><li class=\" wp-block-navigation-item wp-block-navigation-link\"><a class=\"wp-block-navigation-item__content\"  href=\"https:\/\/adidaswatches.com\/fr\/nous-contacter\/\"><span class=\"wp-block-navigation-item__label\">Nous Contacter<\/span><\/a><\/li><li class=\" wp-block-navigation-item wp-block-navigation-link\"><a class=\"wp-block-navigation-item__content\"  href=\"https:\/\/adidaswatches.com\/fr\/garantie-internationale\/\"><span class=\"wp-block-navigation-item__label\">Garantie Internationale<\/span><\/a><\/li><li class=\" wp-block-navigation-item wp-block-navigation-link\"><a class=\"wp-block-navigation-item__content\"  href=\"https:\/\/adidaswatches.com\/fr\/instructions-dentretien-manuels-dutilisation\/\"><span class=\"wp-block-navigation-item__label\">Instructions D\u2019entretien &#038; Manuels D\u2019utilisation<\/span><\/a><\/li><li class=\" wp-block-navigation-item wp-block-navigation-link\"><a class=\"wp-block-navigation-item__content\"  href=\"https:\/\/adidaswatches.com\/fr\/centres-daide\/\"><span class=\"wp-block-navigation-item__label\">Centres D\u2019aide<\/span><\/a><\/li><\/ul><\/nav><\/div>\n\n\n\n<div class=\"wp-block-column is-layout-flow wp-block-column-is-layout-flow\">\n<h1 class=\"wp-block-heading\">Instructions D&rsquo;entretien &amp; Manuels D&rsquo;utilisation<\/h1>\n\n\n\n<p>F\u00e9licitations pour avoir choisi une montre de la collection adidas Originals. Veuillez consulter les Instructions d\u2019entretiens et Manuels d\u2019utilisation pour vous familiariser avec votre montre, assurer une utilisation correcte et optimiser la long\u00e9vit\u00e9.<\/p>\n\n\n\n<h4 class=\"wp-block-heading\">S\u00e9lectionner la langue<\/h4>\n\n\n\n<ul class=\"wp-block-list\">\n<li><a href=\"https:\/\/adidaswatches.com\/wp-content\/uploads\/2025\/03\/AD_UserManuals_EN.pdf\" target=\"_blank\" rel=\"noreferrer noopener\">Anglais<\/a><\/li>\n\n\n\n<li><a href=\"https:\/\/adidaswatches.com\/wp-content\/uploads\/2025\/03\/AD_UserManuals_DE.pdf\" target=\"_blank\" rel=\"noreferrer noopener\">Allemand<\/a><\/li>\n\n\n\n<li><a href=\"https:\/\/adidaswatches.com\/wp-content\/uploads\/2025\/03\/AD_UserManuals_FR.pdf\" target=\"_blank\" rel=\"noreferrer noopener\">Fran\u00e7ais<\/a><\/li>\n\n\n\n<li><a href=\"https:\/\/adidaswatches.com\/wp-content\/uploads\/2025\/03\/AD_UserManuals_ES.pdf\" target=\"_blank\" rel=\"noreferrer noopener\">Espagnol<\/a><\/li>\n\n\n\n<li><a href=\"https:\/\/adidaswatches.com\/wp-content\/uploads\/2025\/03\/AD_UserManuals_IT.pdf\" target=\"_blank\" rel=\"noreferrer noopener\">Italien<\/a><\/li>\n\n\n\n<li><a href=\"https:\/\/adidaswatches.com\/wp-content\/uploads\/2025\/03\/AD_UserManuals_JP.pdf\">Japonais<\/a><\/li>\n\n\n\n<li><a href=\"https:\/\/adidaswatches.com\/wp-content\/uploads\/2025\/03\/AD_UserManuals_PRC-3.pdf\" target=\"_blank\" rel=\"noreferrer noopener\">\u4e2d\u6587<\/a><\/li>\n\n\n\n<li><a href=\"https:\/\/adidaswatches.com\/wp-content\/uploads\/2025\/03\/AD_UserManuals_KO.pdf\" target=\"_blank\" rel=\"noreferrer noopener\">Sud-Cor\u00e9en<\/a><\/li>\n\n\n\n<li><a href=\"https:\/\/adidaswatches.com\/wp-content\/uploads\/2025\/03\/AD_UserManuals_RU.pdf\" target=\"_blank\" rel=\"noreferrer noopener\">Russe<\/a><\/li>\n\n\n\n<li><a href=\"https:\/\/adidaswatches.com\/wp-content\/uploads\/2025\/03\/AD_UserManuals_PL.pdf\" target=\"_blank\" rel=\"noreferrer noopener\">Polonais<\/a><\/li>\n<\/ul>\n<\/div>\n<\/div>\n<\/div><\/div>\n","protected":false},"excerpt":{"rendered":"<p>Assistance Instructions D&rsquo;entretien &amp; Manuels D&rsquo;utilisation F\u00e9licitations pour avoir choisi une montre de la collection adidas Originals. Veuillez consulter les Instructions d\u2019entretiens et Manuels d\u2019utilisation pour vous familiariser avec votre montre, assurer une utilisation correcte et optimiser la long\u00e9vit\u00e9. S\u00e9lectionner la langue<\/p>\n","protected":false},"author":2,"featured_media":0,"parent":0,"menu_order":60,"comment_status":"closed","ping_status":"closed","template":"customer_service","meta":{"_coblocks_attr":"","_coblocks_dimensions":"","_coblocks_responsive_height":"","_coblocks_accordion_ie_support":"","inline_featured_image":false,"_monsterinsights_skip_tracking":false,"_monsterinsights_sitenote_active":false,"_monsterinsights_sitenote_note":"","_monsterinsights_sitenote_category":0,"footnotes":""},"class_list":["post-100","page","type-page","status-publish","hentry"],"aioseo_notices":[],"yoast_head":"<!-- This site is optimized with the Yoast SEO plugin v27.4 - https:\/\/yoast.com\/product\/yoast-seo-wordpress\/ -->\n<title>Instructions d&#039;entretien &amp; Manuels d&#039;utilisation - Adidas Watches<\/title>\n<meta name=\"robots\" content=\"index, follow, max-snippet:-1, max-image-preview:large, max-video-preview:-1\" \/>\n<link rel=\"canonical\" href=\"https:\/\/adidaswatches.com\/fr\/instructions-dentretien-manuels-dutilisation\/\" \/>\n<meta property=\"og:locale\" content=\"fr_FR\" \/>\n<meta property=\"og:type\" content=\"article\" \/>\n<meta property=\"og:title\" content=\"Instructions d&#039;entretien &amp; Manuels d&#039;utilisation - Adidas Watches\" \/>\n<meta property=\"og:description\" content=\"Assistance Instructions D&rsquo;entretien &amp; Manuels D&rsquo;utilisation F\u00e9licitations pour avoir choisi une montre de la collection adidas Originals. Veuillez consulter les Instructions d\u2019entretiens et Manuels d\u2019utilisation pour vous familiariser avec votre montre, assurer une utilisation correcte et optimiser la long\u00e9vit\u00e9. S\u00e9lectionner la langue\" \/>\n<meta property=\"og:url\" content=\"https:\/\/adidaswatches.com\/fr\/instructions-dentretien-manuels-dutilisation\/\" \/>\n<meta property=\"og:site_name\" content=\"Adidas Watches\" \/>\n<meta property=\"article:modified_time\" content=\"2025-10-28T09:16:59+00:00\" \/>\n<meta property=\"og:image\" content=\"https:\/\/adidaswatches.com\/wp-content\/uploads\/2025\/10\/DESKTOP_08.jpg\" \/>\n\t<meta property=\"og:image:width\" content=\"2560\" \/>\n\t<meta property=\"og:image:height\" content=\"547\" \/>\n\t<meta property=\"og:image:type\" content=\"image\/jpeg\" \/>\n<meta name=\"twitter:card\" content=\"summary_large_image\" \/>\n<meta name=\"twitter:label1\" content=\"Dur\u00e9e de lecture estim\u00e9e\" \/>\n\t<meta name=\"twitter:data1\" content=\"1 minute\" \/>\n<script type=\"application\/ld+json\" class=\"yoast-schema-graph\">{\"@context\":\"https:\\\/\\\/schema.org\",\"@graph\":[{\"@type\":\"WebPage\",\"@id\":\"https:\\\/\\\/adidaswatches.com\\\/fr\\\/instructions-dentretien-manuels-dutilisation\\\/\",\"url\":\"https:\\\/\\\/adidaswatches.com\\\/fr\\\/instructions-dentretien-manuels-dutilisation\\\/\",\"name\":\"Instructions d'entretien & Manuels d'utilisation - Adidas Watches\",\"isPartOf\":{\"@id\":\"https:\\\/\\\/adidaswatches.com\\\/fr\\\/#website\"},\"primaryImageOfPage\":{\"@id\":\"https:\\\/\\\/adidaswatches.com\\\/fr\\\/instructions-dentretien-manuels-dutilisation\\\/#primaryimage\"},\"image\":{\"@id\":\"https:\\\/\\\/adidaswatches.com\\\/fr\\\/instructions-dentretien-manuels-dutilisation\\\/#primaryimage\"},\"thumbnailUrl\":\"https:\\\/\\\/adidaswatches.com\\\/wp-content\\\/uploads\\\/2025\\\/10\\\/DESKTOP_08.jpg\",\"datePublished\":\"2022-05-17T13:45:34+00:00\",\"dateModified\":\"2025-10-28T09:16:59+00:00\",\"breadcrumb\":{\"@id\":\"https:\\\/\\\/adidaswatches.com\\\/fr\\\/instructions-dentretien-manuels-dutilisation\\\/#breadcrumb\"},\"inLanguage\":\"fr-FR\",\"potentialAction\":[{\"@type\":\"ReadAction\",\"target\":[\"https:\\\/\\\/adidaswatches.com\\\/fr\\\/instructions-dentretien-manuels-dutilisation\\\/\"]}]},{\"@type\":\"ImageObject\",\"inLanguage\":\"fr-FR\",\"@id\":\"https:\\\/\\\/adidaswatches.com\\\/fr\\\/instructions-dentretien-manuels-dutilisation\\\/#primaryimage\",\"url\":\"https:\\\/\\\/adidaswatches.com\\\/wp-content\\\/uploads\\\/2025\\\/10\\\/DESKTOP_08.jpg\",\"contentUrl\":\"https:\\\/\\\/adidaswatches.com\\\/wp-content\\\/uploads\\\/2025\\\/10\\\/DESKTOP_08.jpg\"},{\"@type\":\"BreadcrumbList\",\"@id\":\"https:\\\/\\\/adidaswatches.com\\\/fr\\\/instructions-dentretien-manuels-dutilisation\\\/#breadcrumb\",\"itemListElement\":[{\"@type\":\"ListItem\",\"position\":1,\"name\":\"Home\",\"item\":\"https:\\\/\\\/adidaswatches.com\\\/fr\\\/\"},{\"@type\":\"ListItem\",\"position\":2,\"name\":\"Instructions d&#8217;entretien &#038; Manuels d&#8217;utilisation\"}]},{\"@type\":\"WebSite\",\"@id\":\"https:\\\/\\\/adidaswatches.com\\\/fr\\\/#website\",\"url\":\"https:\\\/\\\/adidaswatches.com\\\/fr\\\/\",\"name\":\"Adidas Watches\",\"description\":\"Time for me\",\"publisher\":{\"@id\":\"https:\\\/\\\/adidaswatches.com\\\/fr\\\/#organization\"},\"potentialAction\":[{\"@type\":\"SearchAction\",\"target\":{\"@type\":\"EntryPoint\",\"urlTemplate\":\"https:\\\/\\\/adidaswatches.com\\\/fr\\\/?s={search_term_string}\"},\"query-input\":{\"@type\":\"PropertyValueSpecification\",\"valueRequired\":true,\"valueName\":\"search_term_string\"}}],\"inLanguage\":\"fr-FR\"},{\"@type\":\"Organization\",\"@id\":\"https:\\\/\\\/adidaswatches.com\\\/fr\\\/#organization\",\"name\":\"Adidas Watches\",\"url\":\"https:\\\/\\\/adidaswatches.com\\\/fr\\\/\",\"logo\":{\"@type\":\"ImageObject\",\"inLanguage\":\"fr-FR\",\"@id\":\"https:\\\/\\\/adidaswatches.com\\\/fr\\\/#\\\/schema\\\/logo\\\/image\\\/\",\"url\":\"https:\\\/\\\/adidaswatches.com\\\/wp-content\\\/uploads\\\/2024\\\/04\\\/logo-trefoil.svg\",\"contentUrl\":\"https:\\\/\\\/adidaswatches.com\\\/wp-content\\\/uploads\\\/2024\\\/04\\\/logo-trefoil.svg\",\"caption\":\"Adidas Watches\"},\"image\":{\"@id\":\"https:\\\/\\\/adidaswatches.com\\\/fr\\\/#\\\/schema\\\/logo\\\/image\\\/\"}}]}<\/script>\n<!-- \/ Yoast SEO plugin. -->","yoast_head_json":{"title":"Instructions d'entretien & Manuels d'utilisation - Adidas Watches","robots":{"index":"index","follow":"follow","max-snippet":"max-snippet:-1","max-image-preview":"max-image-preview:large","max-video-preview":"max-video-preview:-1"},"canonical":"https:\/\/adidaswatches.com\/fr\/instructions-dentretien-manuels-dutilisation\/","og_locale":"fr_FR","og_type":"article","og_title":"Instructions d'entretien & Manuels d'utilisation - Adidas Watches","og_description":"Assistance Instructions D&rsquo;entretien &amp; Manuels D&rsquo;utilisation F\u00e9licitations pour avoir choisi une montre de la collection adidas Originals. Veuillez consulter les Instructions d\u2019entretiens et Manuels d\u2019utilisation pour vous familiariser avec votre montre, assurer une utilisation correcte et optimiser la long\u00e9vit\u00e9. S\u00e9lectionner la langue","og_url":"https:\/\/adidaswatches.com\/fr\/instructions-dentretien-manuels-dutilisation\/","og_site_name":"Adidas Watches","article_modified_time":"2025-10-28T09:16:59+00:00","og_image":[{"width":2560,"height":547,"url":"https:\/\/adidaswatches.com\/wp-content\/uploads\/2025\/10\/DESKTOP_08.jpg","type":"image\/jpeg"}],"twitter_card":"summary_large_image","twitter_misc":{"Dur\u00e9e de lecture estim\u00e9e":"1 minute"},"schema":{"@context":"https:\/\/schema.org","@graph":[{"@type":"WebPage","@id":"https:\/\/adidaswatches.com\/fr\/instructions-dentretien-manuels-dutilisation\/","url":"https:\/\/adidaswatches.com\/fr\/instructions-dentretien-manuels-dutilisation\/","name":"Instructions d'entretien & Manuels d'utilisation - Adidas Watches","isPartOf":{"@id":"https:\/\/adidaswatches.com\/fr\/#website"},"primaryImageOfPage":{"@id":"https:\/\/adidaswatches.com\/fr\/instructions-dentretien-manuels-dutilisation\/#primaryimage"},"image":{"@id":"https:\/\/adidaswatches.com\/fr\/instructions-dentretien-manuels-dutilisation\/#primaryimage"},"thumbnailUrl":"https:\/\/adidaswatches.com\/wp-content\/uploads\/2025\/10\/DESKTOP_08.jpg","datePublished":"2022-05-17T13:45:34+00:00","dateModified":"2025-10-28T09:16:59+00:00","breadcrumb":{"@id":"https:\/\/adidaswatches.com\/fr\/instructions-dentretien-manuels-dutilisation\/#breadcrumb"},"inLanguage":"fr-FR","potentialAction":[{"@type":"ReadAction","target":["https:\/\/adidaswatches.com\/fr\/instructions-dentretien-manuels-dutilisation\/"]}]},{"@type":"ImageObject","inLanguage":"fr-FR","@id":"https:\/\/adidaswatches.com\/fr\/instructions-dentretien-manuels-dutilisation\/#primaryimage","url":"https:\/\/adidaswatches.com\/wp-content\/uploads\/2025\/10\/DESKTOP_08.jpg","contentUrl":"https:\/\/adidaswatches.com\/wp-content\/uploads\/2025\/10\/DESKTOP_08.jpg"},{"@type":"BreadcrumbList","@id":"https:\/\/adidaswatches.com\/fr\/instructions-dentretien-manuels-dutilisation\/#breadcrumb","itemListElement":[{"@type":"ListItem","position":1,"name":"Home","item":"https:\/\/adidaswatches.com\/fr\/"},{"@type":"ListItem","position":2,"name":"Instructions d&#8217;entretien &#038; Manuels d&#8217;utilisation"}]},{"@type":"WebSite","@id":"https:\/\/adidaswatches.com\/fr\/#website","url":"https:\/\/adidaswatches.com\/fr\/","name":"Adidas Watches","description":"Time for me","publisher":{"@id":"https:\/\/adidaswatches.com\/fr\/#organization"},"potentialAction":[{"@type":"SearchAction","target":{"@type":"EntryPoint","urlTemplate":"https:\/\/adidaswatches.com\/fr\/?s={search_term_string}"},"query-input":{"@type":"PropertyValueSpecification","valueRequired":true,"valueName":"search_term_string"}}],"inLanguage":"fr-FR"},{"@type":"Organization","@id":"https:\/\/adidaswatches.com\/fr\/#organization","name":"Adidas Watches","url":"https:\/\/adidaswatches.com\/fr\/","logo":{"@type":"ImageObject","inLanguage":"fr-FR","@id":"https:\/\/adidaswatches.com\/fr\/#\/schema\/logo\/image\/","url":"https:\/\/adidaswatches.com\/wp-content\/uploads\/2024\/04\/logo-trefoil.svg","contentUrl":"https:\/\/adidaswatches.com\/wp-content\/uploads\/2024\/04\/logo-trefoil.svg","caption":"Adidas Watches"},"image":{"@id":"https:\/\/adidaswatches.com\/fr\/#\/schema\/logo\/image\/"}}]}},"_links":{"self":[{"href":"https:\/\/adidaswatches.com\/fr\/wp-json\/wp\/v2\/pages\/100","targetHints":{"allow":["GET"]}}],"collection":[{"href":"https:\/\/adidaswatches.com\/fr\/wp-json\/wp\/v2\/pages"}],"about":[{"href":"https:\/\/adidaswatches.com\/fr\/wp-json\/wp\/v2\/types\/page"}],"author":[{"embeddable":true,"href":"https:\/\/adidaswatches.com\/fr\/wp-json\/wp\/v2\/users\/2"}],"replies":[{"embeddable":true,"href":"https:\/\/adidaswatches.com\/fr\/wp-json\/wp\/v2\/comments?post=100"}],"version-history":[{"count":29,"href":"https:\/\/adidaswatches.com\/fr\/wp-json\/wp\/v2\/pages\/100\/revisions"}],"predecessor-version":[{"id":1532,"href":"https:\/\/adidaswatches.com\/fr\/wp-json\/wp\/v2\/pages\/100\/revisions\/1532"}],"wp:attachment":[{"href":"https:\/\/adidaswatches.com\/fr\/wp-json\/wp\/v2\/media?parent=100"}],"curies":[{"name":"wp","href":"https:\/\/api.w.org\/{rel}","templated":true}]}}