{"id":95,"date":"2022-05-17T13:44:11","date_gmt":"2022-05-17T13:44:11","guid":{"rendered":"https:\/\/adidaswatches.com\/about\/"},"modified":"2025-10-28T09:14:12","modified_gmt":"2025-10-28T09:14:12","slug":"a-propos","status":"publish","type":"page","link":"https:\/\/adidaswatches.com\/fr\/a-propos\/","title":{"rendered":"\u00c0 propos"},"content":{"rendered":"\n<div class=\"wp-block-group alignfull about__hero hidden-mobile\"><div class=\"wp-block-group__inner-container is-layout-flow wp-block-group-is-layout-flow\">\n<div class=\"wp-block-columns is-layout-flex wp-container-core-columns-is-layout-9d6595d7 wp-block-columns-is-layout-flex\">\n<div class=\"wp-block-column is-vertically-aligned-center is-layout-flow wp-block-column-is-layout-flow\">\n<figure class=\"wp-block-image size-full\"><img loading=\"lazy\" decoding=\"async\" width=\"1920\" height=\"2360\" src=\"https:\/\/adidaswatches.com\/wp-content\/uploads\/2025\/10\/DESKTOP_07.jpg\" alt=\"\" class=\"wp-image-1521\" srcset=\"https:\/\/adidaswatches.com\/wp-content\/uploads\/2025\/10\/DESKTOP_07.jpg 1920w, https:\/\/adidaswatches.com\/wp-content\/uploads\/2025\/10\/DESKTOP_07-244x300.jpg 244w, https:\/\/adidaswatches.com\/wp-content\/uploads\/2025\/10\/DESKTOP_07-833x1024.jpg 833w, https:\/\/adidaswatches.com\/wp-content\/uploads\/2025\/10\/DESKTOP_07-768x944.jpg 768w, https:\/\/adidaswatches.com\/wp-content\/uploads\/2025\/10\/DESKTOP_07-1250x1536.jpg 1250w, https:\/\/adidaswatches.com\/wp-content\/uploads\/2025\/10\/DESKTOP_07-1666x2048.jpg 1666w\" sizes=\"auto, (max-width: 1920px) 100vw, 1920px\" \/><\/figure>\n<\/div>\n\n\n\n<div class=\"wp-block-column is-vertically-aligned-top is-layout-flow wp-block-column-is-layout-flow\">\n<h1 class=\"wp-block-heading has-text-align-center\">\u00c0 propos<\/h1>\n\n\n\n<p>adidas Originals est une marque lifestyle et mode avec un esprit athl\u00e9tique. S\u2019appuyant sur la riche histoire sportive d\u2019adidas, adidas Originals r\u00e9interpr\u00e8te les designs intemporels de la marque avec un style moderne et culture de rue pour inspirer chacun dans sa vie quotidienne.<\/p>\n\n\n\n<p>En partenariat avec Timex Group, l\u2019un des plus grands fabricants de montres au monde, adidas Originals \u00e9largit son univers avec une collection de montres classiques et authentiques qui c\u00e9l\u00e8bre l\u2019expression de soi.<\/p>\n<\/div>\n<\/div>\n<\/div><\/div>\n\n\n\n<div class=\"wp-block-group alignfull about__hero hidden-desktop\"><div class=\"wp-block-group__inner-container is-layout-flow wp-block-group-is-layout-flow\">\n<div class=\"wp-block-columns is-layout-flex wp-container-core-columns-is-layout-9d6595d7 wp-block-columns-is-layout-flex\">\n<div class=\"wp-block-column is-vertically-aligned-center is-layout-flow wp-block-column-is-layout-flow\">\n<figure class=\"wp-block-image size-full\"><img loading=\"lazy\" decoding=\"async\" width=\"2048\" height=\"2560\" src=\"https:\/\/adidaswatches.com\/wp-content\/uploads\/2025\/10\/MOBILE_07.jpg\" alt=\"\" class=\"wp-image-1523\" srcset=\"https:\/\/adidaswatches.com\/wp-content\/uploads\/2025\/10\/MOBILE_07.jpg 2048w, https:\/\/adidaswatches.com\/wp-content\/uploads\/2025\/10\/MOBILE_07-240x300.jpg 240w, https:\/\/adidaswatches.com\/wp-content\/uploads\/2025\/10\/MOBILE_07-819x1024.jpg 819w, https:\/\/adidaswatches.com\/wp-content\/uploads\/2025\/10\/MOBILE_07-768x960.jpg 768w, https:\/\/adidaswatches.com\/wp-content\/uploads\/2025\/10\/MOBILE_07-1229x1536.jpg 1229w, https:\/\/adidaswatches.com\/wp-content\/uploads\/2025\/10\/MOBILE_07-1638x2048.jpg 1638w\" sizes=\"auto, (max-width: 2048px) 100vw, 2048px\" \/><\/figure>\n<\/div>\n\n\n\n<div class=\"wp-block-column is-vertically-aligned-top is-layout-flow wp-block-column-is-layout-flow\">\n<h1 class=\"wp-block-heading has-text-align-center\">\u00c0 propos<\/h1>\n\n\n\n<p>adidas Originals est une marque lifestyle et mode avec un esprit athl\u00e9tique. S\u2019appuyant sur la riche histoire sportive d\u2019adidas, adidas Originals r\u00e9interpr\u00e8te les designs intemporels de la marque avec un style moderne et culture de rue pour inspirer chacun dans sa vie quotidienne.<\/p>\n\n\n\n<p>En partenariat avec Timex Group, l\u2019un des plus grands fabricants de montres au monde, adidas Originals \u00e9largit son univers avec une collection de montres classiques et authentiques qui c\u00e9l\u00e8bre l\u2019expression de soi.<\/p>\n<\/div>\n<\/div>\n<\/div><\/div>\n","protected":false},"excerpt":{"rendered":"<p>\u00c0 propos adidas Originals est une marque lifestyle et mode avec un esprit athl\u00e9tique. S\u2019appuyant sur la riche histoire sportive d\u2019adidas, adidas Originals r\u00e9interpr\u00e8te les designs intemporels de la marque avec un style moderne et culture de rue pour inspirer chacun dans sa vie quotidienne. En partenariat avec Timex Group, l\u2019un des plus grands fabricants [&hellip;]<\/p>\n","protected":false},"author":2,"featured_media":0,"parent":0,"menu_order":20,"comment_status":"closed","ping_status":"closed","template":"","meta":{"_coblocks_attr":"","_coblocks_dimensions":"","_coblocks_responsive_height":"","_coblocks_accordion_ie_support":"","inline_featured_image":false,"_monsterinsights_skip_tracking":false,"_monsterinsights_sitenote_active":false,"_monsterinsights_sitenote_note":"","_monsterinsights_sitenote_category":0,"footnotes":""},"class_list":["post-95","page","type-page","status-publish","hentry"],"aioseo_notices":[],"yoast_head":"<!-- This site is optimized with the Yoast SEO plugin v27.4 - https:\/\/yoast.com\/product\/yoast-seo-wordpress\/ -->\n<title>\u00c0 propos - Adidas Watches<\/title>\n<meta name=\"robots\" content=\"index, follow, max-snippet:-1, max-image-preview:large, max-video-preview:-1\" \/>\n<link rel=\"canonical\" href=\"https:\/\/adidaswatches.com\/fr\/a-propos\/\" \/>\n<meta property=\"og:locale\" content=\"fr_FR\" \/>\n<meta property=\"og:type\" content=\"article\" \/>\n<meta property=\"og:title\" content=\"\u00c0 propos - Adidas Watches\" \/>\n<meta property=\"og:description\" content=\"\u00c0 propos adidas Originals est une marque lifestyle et mode avec un esprit athl\u00e9tique. S\u2019appuyant sur la riche histoire sportive d\u2019adidas, adidas Originals r\u00e9interpr\u00e8te les designs intemporels de la marque avec un style moderne et culture de rue pour inspirer chacun dans sa vie quotidienne. En partenariat avec Timex Group, l\u2019un des plus grands fabricants [&hellip;]\" \/>\n<meta property=\"og:url\" content=\"https:\/\/adidaswatches.com\/fr\/a-propos\/\" \/>\n<meta property=\"og:site_name\" content=\"Adidas Watches\" \/>\n<meta property=\"article:modified_time\" content=\"2025-10-28T09:14:12+00:00\" \/>\n<meta property=\"og:image\" content=\"https:\/\/adidaswatches.com\/wp-content\/uploads\/2025\/10\/DESKTOP_07.jpg\" \/>\n\t<meta property=\"og:image:width\" content=\"1920\" \/>\n\t<meta property=\"og:image:height\" content=\"2360\" \/>\n\t<meta property=\"og:image:type\" content=\"image\/jpeg\" \/>\n<meta name=\"twitter:card\" content=\"summary_large_image\" \/>\n<meta name=\"twitter:label1\" content=\"Dur\u00e9e de lecture estim\u00e9e\" \/>\n\t<meta name=\"twitter:data1\" content=\"2 minutes\" \/>\n<script type=\"application\/ld+json\" class=\"yoast-schema-graph\">{\"@context\":\"https:\\\/\\\/schema.org\",\"@graph\":[{\"@type\":\"WebPage\",\"@id\":\"https:\\\/\\\/adidaswatches.com\\\/fr\\\/a-propos\\\/\",\"url\":\"https:\\\/\\\/adidaswatches.com\\\/fr\\\/a-propos\\\/\",\"name\":\"\u00c0 propos - Adidas Watches\",\"isPartOf\":{\"@id\":\"https:\\\/\\\/adidaswatches.com\\\/fr\\\/#website\"},\"primaryImageOfPage\":{\"@id\":\"https:\\\/\\\/adidaswatches.com\\\/fr\\\/a-propos\\\/#primaryimage\"},\"image\":{\"@id\":\"https:\\\/\\\/adidaswatches.com\\\/fr\\\/a-propos\\\/#primaryimage\"},\"thumbnailUrl\":\"https:\\\/\\\/adidaswatches.com\\\/wp-content\\\/uploads\\\/2025\\\/10\\\/DESKTOP_07.jpg\",\"datePublished\":\"2022-05-17T13:44:11+00:00\",\"dateModified\":\"2025-10-28T09:14:12+00:00\",\"breadcrumb\":{\"@id\":\"https:\\\/\\\/adidaswatches.com\\\/fr\\\/a-propos\\\/#breadcrumb\"},\"inLanguage\":\"fr-FR\",\"potentialAction\":[{\"@type\":\"ReadAction\",\"target\":[\"https:\\\/\\\/adidaswatches.com\\\/fr\\\/a-propos\\\/\"]}]},{\"@type\":\"ImageObject\",\"inLanguage\":\"fr-FR\",\"@id\":\"https:\\\/\\\/adidaswatches.com\\\/fr\\\/a-propos\\\/#primaryimage\",\"url\":\"https:\\\/\\\/adidaswatches.com\\\/wp-content\\\/uploads\\\/2025\\\/10\\\/DESKTOP_07.jpg\",\"contentUrl\":\"https:\\\/\\\/adidaswatches.com\\\/wp-content\\\/uploads\\\/2025\\\/10\\\/DESKTOP_07.jpg\"},{\"@type\":\"BreadcrumbList\",\"@id\":\"https:\\\/\\\/adidaswatches.com\\\/fr\\\/a-propos\\\/#breadcrumb\",\"itemListElement\":[{\"@type\":\"ListItem\",\"position\":1,\"name\":\"Home\",\"item\":\"https:\\\/\\\/adidaswatches.com\\\/fr\\\/\"},{\"@type\":\"ListItem\",\"position\":2,\"name\":\"\u00c0 propos\"}]},{\"@type\":\"WebSite\",\"@id\":\"https:\\\/\\\/adidaswatches.com\\\/fr\\\/#website\",\"url\":\"https:\\\/\\\/adidaswatches.com\\\/fr\\\/\",\"name\":\"Adidas Watches\",\"description\":\"Time for me\",\"publisher\":{\"@id\":\"https:\\\/\\\/adidaswatches.com\\\/fr\\\/#organization\"},\"potentialAction\":[{\"@type\":\"SearchAction\",\"target\":{\"@type\":\"EntryPoint\",\"urlTemplate\":\"https:\\\/\\\/adidaswatches.com\\\/fr\\\/?s={search_term_string}\"},\"query-input\":{\"@type\":\"PropertyValueSpecification\",\"valueRequired\":true,\"valueName\":\"search_term_string\"}}],\"inLanguage\":\"fr-FR\"},{\"@type\":\"Organization\",\"@id\":\"https:\\\/\\\/adidaswatches.com\\\/fr\\\/#organization\",\"name\":\"Adidas Watches\",\"url\":\"https:\\\/\\\/adidaswatches.com\\\/fr\\\/\",\"logo\":{\"@type\":\"ImageObject\",\"inLanguage\":\"fr-FR\",\"@id\":\"https:\\\/\\\/adidaswatches.com\\\/fr\\\/#\\\/schema\\\/logo\\\/image\\\/\",\"url\":\"https:\\\/\\\/adidaswatches.com\\\/wp-content\\\/uploads\\\/2024\\\/04\\\/logo-trefoil.svg\",\"contentUrl\":\"https:\\\/\\\/adidaswatches.com\\\/wp-content\\\/uploads\\\/2024\\\/04\\\/logo-trefoil.svg\",\"caption\":\"Adidas Watches\"},\"image\":{\"@id\":\"https:\\\/\\\/adidaswatches.com\\\/fr\\\/#\\\/schema\\\/logo\\\/image\\\/\"}}]}<\/script>\n<!-- \/ Yoast SEO plugin. -->","yoast_head_json":{"title":"\u00c0 propos - Adidas Watches","robots":{"index":"index","follow":"follow","max-snippet":"max-snippet:-1","max-image-preview":"max-image-preview:large","max-video-preview":"max-video-preview:-1"},"canonical":"https:\/\/adidaswatches.com\/fr\/a-propos\/","og_locale":"fr_FR","og_type":"article","og_title":"\u00c0 propos - Adidas Watches","og_description":"\u00c0 propos adidas Originals est une marque lifestyle et mode avec un esprit athl\u00e9tique. S\u2019appuyant sur la riche histoire sportive d\u2019adidas, adidas Originals r\u00e9interpr\u00e8te les designs intemporels de la marque avec un style moderne et culture de rue pour inspirer chacun dans sa vie quotidienne. En partenariat avec Timex Group, l\u2019un des plus grands fabricants [&hellip;]","og_url":"https:\/\/adidaswatches.com\/fr\/a-propos\/","og_site_name":"Adidas Watches","article_modified_time":"2025-10-28T09:14:12+00:00","og_image":[{"width":1920,"height":2360,"url":"https:\/\/adidaswatches.com\/wp-content\/uploads\/2025\/10\/DESKTOP_07.jpg","type":"image\/jpeg"}],"twitter_card":"summary_large_image","twitter_misc":{"Dur\u00e9e de lecture estim\u00e9e":"2 minutes"},"schema":{"@context":"https:\/\/schema.org","@graph":[{"@type":"WebPage","@id":"https:\/\/adidaswatches.com\/fr\/a-propos\/","url":"https:\/\/adidaswatches.com\/fr\/a-propos\/","name":"\u00c0 propos - Adidas Watches","isPartOf":{"@id":"https:\/\/adidaswatches.com\/fr\/#website"},"primaryImageOfPage":{"@id":"https:\/\/adidaswatches.com\/fr\/a-propos\/#primaryimage"},"image":{"@id":"https:\/\/adidaswatches.com\/fr\/a-propos\/#primaryimage"},"thumbnailUrl":"https:\/\/adidaswatches.com\/wp-content\/uploads\/2025\/10\/DESKTOP_07.jpg","datePublished":"2022-05-17T13:44:11+00:00","dateModified":"2025-10-28T09:14:12+00:00","breadcrumb":{"@id":"https:\/\/adidaswatches.com\/fr\/a-propos\/#breadcrumb"},"inLanguage":"fr-FR","potentialAction":[{"@type":"ReadAction","target":["https:\/\/adidaswatches.com\/fr\/a-propos\/"]}]},{"@type":"ImageObject","inLanguage":"fr-FR","@id":"https:\/\/adidaswatches.com\/fr\/a-propos\/#primaryimage","url":"https:\/\/adidaswatches.com\/wp-content\/uploads\/2025\/10\/DESKTOP_07.jpg","contentUrl":"https:\/\/adidaswatches.com\/wp-content\/uploads\/2025\/10\/DESKTOP_07.jpg"},{"@type":"BreadcrumbList","@id":"https:\/\/adidaswatches.com\/fr\/a-propos\/#breadcrumb","itemListElement":[{"@type":"ListItem","position":1,"name":"Home","item":"https:\/\/adidaswatches.com\/fr\/"},{"@type":"ListItem","position":2,"name":"\u00c0 propos"}]},{"@type":"WebSite","@id":"https:\/\/adidaswatches.com\/fr\/#website","url":"https:\/\/adidaswatches.com\/fr\/","name":"Adidas Watches","description":"Time for me","publisher":{"@id":"https:\/\/adidaswatches.com\/fr\/#organization"},"potentialAction":[{"@type":"SearchAction","target":{"@type":"EntryPoint","urlTemplate":"https:\/\/adidaswatches.com\/fr\/?s={search_term_string}"},"query-input":{"@type":"PropertyValueSpecification","valueRequired":true,"valueName":"search_term_string"}}],"inLanguage":"fr-FR"},{"@type":"Organization","@id":"https:\/\/adidaswatches.com\/fr\/#organization","name":"Adidas Watches","url":"https:\/\/adidaswatches.com\/fr\/","logo":{"@type":"ImageObject","inLanguage":"fr-FR","@id":"https:\/\/adidaswatches.com\/fr\/#\/schema\/logo\/image\/","url":"https:\/\/adidaswatches.com\/wp-content\/uploads\/2024\/04\/logo-trefoil.svg","contentUrl":"https:\/\/adidaswatches.com\/wp-content\/uploads\/2024\/04\/logo-trefoil.svg","caption":"Adidas Watches"},"image":{"@id":"https:\/\/adidaswatches.com\/fr\/#\/schema\/logo\/image\/"}}]}},"_links":{"self":[{"href":"https:\/\/adidaswatches.com\/fr\/wp-json\/wp\/v2\/pages\/95","targetHints":{"allow":["GET"]}}],"collection":[{"href":"https:\/\/adidaswatches.com\/fr\/wp-json\/wp\/v2\/pages"}],"about":[{"href":"https:\/\/adidaswatches.com\/fr\/wp-json\/wp\/v2\/types\/page"}],"author":[{"embeddable":true,"href":"https:\/\/adidaswatches.com\/fr\/wp-json\/wp\/v2\/users\/2"}],"replies":[{"embeddable":true,"href":"https:\/\/adidaswatches.com\/fr\/wp-json\/wp\/v2\/comments?post=95"}],"version-history":[{"count":16,"href":"https:\/\/adidaswatches.com\/fr\/wp-json\/wp\/v2\/pages\/95\/revisions"}],"predecessor-version":[{"id":1525,"href":"https:\/\/adidaswatches.com\/fr\/wp-json\/wp\/v2\/pages\/95\/revisions\/1525"}],"wp:attachment":[{"href":"https:\/\/adidaswatches.com\/fr\/wp-json\/wp\/v2\/media?parent=95"}],"curies":[{"name":"wp","href":"https:\/\/api.w.org\/{rel}","templated":true}]}}