{"id":97,"date":"2022-05-17T13:45:09","date_gmt":"2022-05-17T13:45:09","guid":{"rendered":"https:\/\/adidaswatches.com\/international-warranty\/"},"modified":"2025-10-28T09:15:52","modified_gmt":"2025-10-28T09:15:52","slug":"garantie-internationale","status":"publish","type":"page","link":"https:\/\/adidaswatches.com\/fr\/garantie-internationale\/","title":{"rendered":"Garantie Internationale"},"content":{"rendered":"\n<figure class=\"wp-block-image alignfull size-full hidden-mobile\"><img loading=\"lazy\" decoding=\"async\" width=\"2560\" height=\"547\" src=\"https:\/\/adidaswatches.com\/wp-content\/uploads\/2025\/10\/DESKTOP_08.jpg\" alt=\"\" class=\"wp-image-1528\" srcset=\"https:\/\/adidaswatches.com\/wp-content\/uploads\/2025\/10\/DESKTOP_08.jpg 2560w, https:\/\/adidaswatches.com\/wp-content\/uploads\/2025\/10\/DESKTOP_08-300x64.jpg 300w, https:\/\/adidaswatches.com\/wp-content\/uploads\/2025\/10\/DESKTOP_08-1024x219.jpg 1024w, https:\/\/adidaswatches.com\/wp-content\/uploads\/2025\/10\/DESKTOP_08-768x164.jpg 768w, https:\/\/adidaswatches.com\/wp-content\/uploads\/2025\/10\/DESKTOP_08-1536x328.jpg 1536w, https:\/\/adidaswatches.com\/wp-content\/uploads\/2025\/10\/DESKTOP_08-2048x438.jpg 2048w\" sizes=\"auto, (max-width: 2560px) 100vw, 2560px\" \/><\/figure>\n\n\n\n<figure class=\"wp-block-image alignfull size-full hidden-desktop\"><img loading=\"lazy\" decoding=\"async\" width=\"2560\" height=\"1600\" src=\"https:\/\/adidaswatches.com\/wp-content\/uploads\/2025\/10\/MOBILE_08.jpg\" alt=\"\" class=\"wp-image-1526\" srcset=\"https:\/\/adidaswatches.com\/wp-content\/uploads\/2025\/10\/MOBILE_08.jpg 2560w, https:\/\/adidaswatches.com\/wp-content\/uploads\/2025\/10\/MOBILE_08-300x188.jpg 300w, https:\/\/adidaswatches.com\/wp-content\/uploads\/2025\/10\/MOBILE_08-1024x640.jpg 1024w, https:\/\/adidaswatches.com\/wp-content\/uploads\/2025\/10\/MOBILE_08-768x480.jpg 768w, https:\/\/adidaswatches.com\/wp-content\/uploads\/2025\/10\/MOBILE_08-1536x960.jpg 1536w, https:\/\/adidaswatches.com\/wp-content\/uploads\/2025\/10\/MOBILE_08-2048x1280.jpg 2048w\" sizes=\"auto, (max-width: 2560px) 100vw, 2560px\" \/><\/figure>\n\n\n\n<div class=\"wp-block-group customer-service__main\"><div class=\"wp-block-group__inner-container is-layout-flow wp-block-group-is-layout-flow\">\n<div class=\"wp-block-columns is-layout-flex wp-container-core-columns-is-layout-9d6595d7 wp-block-columns-is-layout-flex\">\n<div class=\"wp-block-column is-layout-flow wp-block-column-is-layout-flow\">\n<h3 class=\"wp-block-heading\">Assistance<\/h3>\n\n\n<nav class=\"is-vertical no-wrap wp-block-navigation is-nowrap is-layout-flex wp-container-core-navigation-is-layout-947ac36b wp-block-navigation-is-layout-flex\" aria-label=\"Assistance\"><ul class=\"wp-block-navigation__container  is-vertical no-wrap wp-block-navigation\"><li class=\" wp-block-navigation-item wp-block-navigation-link\"><a class=\"wp-block-navigation-item__content\"  href=\"https:\/\/adidaswatches.com\/fr\/nous-contacter\/\"><span class=\"wp-block-navigation-item__label\">Nous Contacter<\/span><\/a><\/li><li class=\" wp-block-navigation-item wp-block-navigation-link\"><a class=\"wp-block-navigation-item__content\"  href=\"https:\/\/adidaswatches.com\/fr\/garantie-internationale\/\"><span class=\"wp-block-navigation-item__label\">Garantie Internationale<\/span><\/a><\/li><li class=\" wp-block-navigation-item wp-block-navigation-link\"><a class=\"wp-block-navigation-item__content\"  href=\"https:\/\/adidaswatches.com\/fr\/instructions-dentretien-manuels-dutilisation\/\"><span class=\"wp-block-navigation-item__label\">Instructions D\u2019entretien &#038; Manuels D\u2019utilisation<\/span><\/a><\/li><li class=\" wp-block-navigation-item wp-block-navigation-link\"><a class=\"wp-block-navigation-item__content\"  href=\"https:\/\/adidaswatches.com\/fr\/centres-daide\/\"><span class=\"wp-block-navigation-item__label\">Centres D\u2019aide<\/span><\/a><\/li><\/ul><\/nav><\/div>\n\n\n\n<div class=\"wp-block-column is-layout-flow wp-block-column-is-layout-flow\">\n<h1 class=\"wp-block-heading\">Garantie Internationale<\/h1>\n\n\n\n<p>Votre montre adidas Originals a \u00e9t\u00e9 con\u00e7ue dans le respect des plus hauts standards de fabrication. Elle est garantie contre les d\u00e9fauts de fabrication pendant une p\u00e9riode d\u2019un an \u00e0 compter de la date d\u2019achat initiale, sauf disposition contraire de la loi dans le pays d\u2019achat d\u2019origine. Veuillez lire la garantie compl\u00e8te ci-dessous.<\/p>\n\n\n\n<h4 class=\"wp-block-heading\">S\u00e9lectionner la langue<\/h4>\n\n\n\n<ul class=\"wp-block-list\">\n<li><a href=\"https:\/\/adidaswatches.com\/wp-content\/uploads\/2024\/04\/AD_International-Warranty_EN.pdf\" target=\"_blank\" rel=\"noreferrer noopener\">Anglais<\/a><\/li>\n\n\n\n<li><a href=\"https:\/\/adidaswatches.com\/wp-content\/uploads\/2022\/05\/ADIDAS-ORIGINALS-TIMEPIECES_WARRANTY_GE.pdf\" target=\"_blank\" rel=\"noreferrer noopener\">Allemand<\/a><\/li>\n\n\n\n<li><a href=\"https:\/\/adidaswatches.com\/wp-content\/uploads\/2022\/05\/ADIDAS-ORIGINALS-TIMEPIECES_WARRANTY_FR.pdf\" target=\"_blank\" rel=\"noreferrer noopener\">Fran\u00e7ais<\/a><\/li>\n\n\n\n<li><a href=\"https:\/\/adidaswatches.com\/wp-content\/uploads\/2022\/05\/ADIDAS-ORIGINALS-TIMEPIECES_WARRANTY_SP.pdf\" target=\"_blank\" rel=\"noreferrer noopener\">Espagnol<\/a><\/li>\n\n\n\n<li><a href=\"https:\/\/adidaswatches.com\/wp-content\/uploads\/2022\/05\/ADIDAS-ORIGINALS-TIMEPIECES_WARRANTY_IT.pdf\" target=\"_blank\" rel=\"noreferrer noopener\">Italien<\/a><\/li>\n\n\n\n<li><a href=\"https:\/\/adidaswatches.com\/wp-content\/uploads\/2022\/05\/ADIDAS-ORIGINALS-TIMEPIECES_WARRANTY_JA.pdf\" target=\"_blank\" rel=\"noreferrer noopener\">Japonais<\/a><\/li>\n\n\n\n<li><a href=\"https:\/\/adidaswatches.com\/wp-content\/uploads\/2022\/05\/ADIDAS-ORIGINALS-TIMEPIECES_WARRANTY_CS.pdf\" target=\"_blank\" rel=\"noreferrer noopener\">\u4e2d\u6587<\/a><\/li>\n\n\n\n<li><a href=\"https:\/\/adidaswatches.com\/wp-content\/uploads\/2022\/05\/ADIDAS-ORIGINALS-TIMEPIECES_WARRANTY_KO.pdf\" target=\"_blank\" rel=\"noreferrer noopener\">Sud-Cor\u00e9en<\/a><\/li>\n\n\n\n<li><a href=\"https:\/\/adidaswatches.com\/wp-content\/uploads\/2022\/05\/ADIDAS-ORIGINALS-TIMEPIECES_WARRANTY_RU.pdf\" target=\"_blank\" rel=\"noreferrer noopener\">Russie<\/a><\/li>\n\n\n\n<li><a href=\"https:\/\/adidaswatches.com\/wp-content\/uploads\/2022\/05\/ADIDAS-ORIGINALS-TIMEPIECES_WARRANTY_ARABIC.pdf\" target=\"_blank\" rel=\"noreferrer noopener\">Arabe<\/a><\/li>\n<\/ul>\n<\/div>\n<\/div>\n<\/div><\/div>\n","protected":false},"excerpt":{"rendered":"<p>Assistance Garantie Internationale Votre montre adidas Originals a \u00e9t\u00e9 con\u00e7ue dans le respect des plus hauts standards de fabrication. Elle est garantie contre les d\u00e9fauts de fabrication pendant une p\u00e9riode d\u2019un an \u00e0 compter de la date d\u2019achat initiale, sauf disposition contraire de la loi dans le pays d\u2019achat d\u2019origine. Veuillez lire la garantie compl\u00e8te [&hellip;]<\/p>\n","protected":false},"author":2,"featured_media":0,"parent":0,"menu_order":50,"comment_status":"closed","ping_status":"closed","template":"customer_service","meta":{"_coblocks_attr":"","_coblocks_dimensions":"","_coblocks_responsive_height":"","_coblocks_accordion_ie_support":"","inline_featured_image":false,"_monsterinsights_skip_tracking":false,"_monsterinsights_sitenote_active":false,"_monsterinsights_sitenote_note":"","_monsterinsights_sitenote_category":0,"footnotes":""},"class_list":["post-97","page","type-page","status-publish","hentry"],"aioseo_notices":[],"yoast_head":"<!-- This site is optimized with the Yoast SEO plugin v27.4 - https:\/\/yoast.com\/product\/yoast-seo-wordpress\/ -->\n<title>Garantie Internationale - Adidas Watches<\/title>\n<meta name=\"robots\" content=\"index, follow, max-snippet:-1, max-image-preview:large, max-video-preview:-1\" \/>\n<link rel=\"canonical\" href=\"https:\/\/adidaswatches.com\/fr\/garantie-internationale\/\" \/>\n<meta property=\"og:locale\" content=\"fr_FR\" \/>\n<meta property=\"og:type\" content=\"article\" \/>\n<meta property=\"og:title\" content=\"Garantie Internationale - Adidas Watches\" \/>\n<meta property=\"og:description\" content=\"Assistance Garantie Internationale Votre montre adidas Originals a \u00e9t\u00e9 con\u00e7ue dans le respect des plus hauts standards de fabrication. Elle est garantie contre les d\u00e9fauts de fabrication pendant une p\u00e9riode d\u2019un an \u00e0 compter de la date d\u2019achat initiale, sauf disposition contraire de la loi dans le pays d\u2019achat d\u2019origine. Veuillez lire la garantie compl\u00e8te [&hellip;]\" \/>\n<meta property=\"og:url\" content=\"https:\/\/adidaswatches.com\/fr\/garantie-internationale\/\" \/>\n<meta property=\"og:site_name\" content=\"Adidas Watches\" \/>\n<meta property=\"article:modified_time\" content=\"2025-10-28T09:15:52+00:00\" \/>\n<meta property=\"og:image\" content=\"https:\/\/adidaswatches.com\/wp-content\/uploads\/2025\/10\/DESKTOP_08.jpg\" \/>\n\t<meta property=\"og:image:width\" content=\"2560\" \/>\n\t<meta property=\"og:image:height\" content=\"547\" \/>\n\t<meta property=\"og:image:type\" content=\"image\/jpeg\" \/>\n<meta name=\"twitter:card\" content=\"summary_large_image\" \/>\n<meta name=\"twitter:label1\" content=\"Dur\u00e9e de lecture estim\u00e9e\" \/>\n\t<meta name=\"twitter:data1\" content=\"1 minute\" \/>\n<script type=\"application\/ld+json\" class=\"yoast-schema-graph\">{\"@context\":\"https:\\\/\\\/schema.org\",\"@graph\":[{\"@type\":\"WebPage\",\"@id\":\"https:\\\/\\\/adidaswatches.com\\\/fr\\\/garantie-internationale\\\/\",\"url\":\"https:\\\/\\\/adidaswatches.com\\\/fr\\\/garantie-internationale\\\/\",\"name\":\"Garantie Internationale - Adidas Watches\",\"isPartOf\":{\"@id\":\"https:\\\/\\\/adidaswatches.com\\\/fr\\\/#website\"},\"primaryImageOfPage\":{\"@id\":\"https:\\\/\\\/adidaswatches.com\\\/fr\\\/garantie-internationale\\\/#primaryimage\"},\"image\":{\"@id\":\"https:\\\/\\\/adidaswatches.com\\\/fr\\\/garantie-internationale\\\/#primaryimage\"},\"thumbnailUrl\":\"https:\\\/\\\/adidaswatches.com\\\/wp-content\\\/uploads\\\/2025\\\/10\\\/DESKTOP_08.jpg\",\"datePublished\":\"2022-05-17T13:45:09+00:00\",\"dateModified\":\"2025-10-28T09:15:52+00:00\",\"breadcrumb\":{\"@id\":\"https:\\\/\\\/adidaswatches.com\\\/fr\\\/garantie-internationale\\\/#breadcrumb\"},\"inLanguage\":\"fr-FR\",\"potentialAction\":[{\"@type\":\"ReadAction\",\"target\":[\"https:\\\/\\\/adidaswatches.com\\\/fr\\\/garantie-internationale\\\/\"]}]},{\"@type\":\"ImageObject\",\"inLanguage\":\"fr-FR\",\"@id\":\"https:\\\/\\\/adidaswatches.com\\\/fr\\\/garantie-internationale\\\/#primaryimage\",\"url\":\"https:\\\/\\\/adidaswatches.com\\\/wp-content\\\/uploads\\\/2025\\\/10\\\/DESKTOP_08.jpg\",\"contentUrl\":\"https:\\\/\\\/adidaswatches.com\\\/wp-content\\\/uploads\\\/2025\\\/10\\\/DESKTOP_08.jpg\"},{\"@type\":\"BreadcrumbList\",\"@id\":\"https:\\\/\\\/adidaswatches.com\\\/fr\\\/garantie-internationale\\\/#breadcrumb\",\"itemListElement\":[{\"@type\":\"ListItem\",\"position\":1,\"name\":\"Home\",\"item\":\"https:\\\/\\\/adidaswatches.com\\\/fr\\\/\"},{\"@type\":\"ListItem\",\"position\":2,\"name\":\"Garantie Internationale\"}]},{\"@type\":\"WebSite\",\"@id\":\"https:\\\/\\\/adidaswatches.com\\\/fr\\\/#website\",\"url\":\"https:\\\/\\\/adidaswatches.com\\\/fr\\\/\",\"name\":\"Adidas Watches\",\"description\":\"Time for me\",\"publisher\":{\"@id\":\"https:\\\/\\\/adidaswatches.com\\\/fr\\\/#organization\"},\"potentialAction\":[{\"@type\":\"SearchAction\",\"target\":{\"@type\":\"EntryPoint\",\"urlTemplate\":\"https:\\\/\\\/adidaswatches.com\\\/fr\\\/?s={search_term_string}\"},\"query-input\":{\"@type\":\"PropertyValueSpecification\",\"valueRequired\":true,\"valueName\":\"search_term_string\"}}],\"inLanguage\":\"fr-FR\"},{\"@type\":\"Organization\",\"@id\":\"https:\\\/\\\/adidaswatches.com\\\/fr\\\/#organization\",\"name\":\"Adidas Watches\",\"url\":\"https:\\\/\\\/adidaswatches.com\\\/fr\\\/\",\"logo\":{\"@type\":\"ImageObject\",\"inLanguage\":\"fr-FR\",\"@id\":\"https:\\\/\\\/adidaswatches.com\\\/fr\\\/#\\\/schema\\\/logo\\\/image\\\/\",\"url\":\"https:\\\/\\\/adidaswatches.com\\\/wp-content\\\/uploads\\\/2024\\\/04\\\/logo-trefoil.svg\",\"contentUrl\":\"https:\\\/\\\/adidaswatches.com\\\/wp-content\\\/uploads\\\/2024\\\/04\\\/logo-trefoil.svg\",\"caption\":\"Adidas Watches\"},\"image\":{\"@id\":\"https:\\\/\\\/adidaswatches.com\\\/fr\\\/#\\\/schema\\\/logo\\\/image\\\/\"}}]}<\/script>\n<!-- \/ Yoast SEO plugin. -->","yoast_head_json":{"title":"Garantie Internationale - Adidas Watches","robots":{"index":"index","follow":"follow","max-snippet":"max-snippet:-1","max-image-preview":"max-image-preview:large","max-video-preview":"max-video-preview:-1"},"canonical":"https:\/\/adidaswatches.com\/fr\/garantie-internationale\/","og_locale":"fr_FR","og_type":"article","og_title":"Garantie Internationale - Adidas Watches","og_description":"Assistance Garantie Internationale Votre montre adidas Originals a \u00e9t\u00e9 con\u00e7ue dans le respect des plus hauts standards de fabrication. Elle est garantie contre les d\u00e9fauts de fabrication pendant une p\u00e9riode d\u2019un an \u00e0 compter de la date d\u2019achat initiale, sauf disposition contraire de la loi dans le pays d\u2019achat d\u2019origine. Veuillez lire la garantie compl\u00e8te [&hellip;]","og_url":"https:\/\/adidaswatches.com\/fr\/garantie-internationale\/","og_site_name":"Adidas Watches","article_modified_time":"2025-10-28T09:15:52+00:00","og_image":[{"width":2560,"height":547,"url":"https:\/\/adidaswatches.com\/wp-content\/uploads\/2025\/10\/DESKTOP_08.jpg","type":"image\/jpeg"}],"twitter_card":"summary_large_image","twitter_misc":{"Dur\u00e9e de lecture estim\u00e9e":"1 minute"},"schema":{"@context":"https:\/\/schema.org","@graph":[{"@type":"WebPage","@id":"https:\/\/adidaswatches.com\/fr\/garantie-internationale\/","url":"https:\/\/adidaswatches.com\/fr\/garantie-internationale\/","name":"Garantie Internationale - Adidas Watches","isPartOf":{"@id":"https:\/\/adidaswatches.com\/fr\/#website"},"primaryImageOfPage":{"@id":"https:\/\/adidaswatches.com\/fr\/garantie-internationale\/#primaryimage"},"image":{"@id":"https:\/\/adidaswatches.com\/fr\/garantie-internationale\/#primaryimage"},"thumbnailUrl":"https:\/\/adidaswatches.com\/wp-content\/uploads\/2025\/10\/DESKTOP_08.jpg","datePublished":"2022-05-17T13:45:09+00:00","dateModified":"2025-10-28T09:15:52+00:00","breadcrumb":{"@id":"https:\/\/adidaswatches.com\/fr\/garantie-internationale\/#breadcrumb"},"inLanguage":"fr-FR","potentialAction":[{"@type":"ReadAction","target":["https:\/\/adidaswatches.com\/fr\/garantie-internationale\/"]}]},{"@type":"ImageObject","inLanguage":"fr-FR","@id":"https:\/\/adidaswatches.com\/fr\/garantie-internationale\/#primaryimage","url":"https:\/\/adidaswatches.com\/wp-content\/uploads\/2025\/10\/DESKTOP_08.jpg","contentUrl":"https:\/\/adidaswatches.com\/wp-content\/uploads\/2025\/10\/DESKTOP_08.jpg"},{"@type":"BreadcrumbList","@id":"https:\/\/adidaswatches.com\/fr\/garantie-internationale\/#breadcrumb","itemListElement":[{"@type":"ListItem","position":1,"name":"Home","item":"https:\/\/adidaswatches.com\/fr\/"},{"@type":"ListItem","position":2,"name":"Garantie Internationale"}]},{"@type":"WebSite","@id":"https:\/\/adidaswatches.com\/fr\/#website","url":"https:\/\/adidaswatches.com\/fr\/","name":"Adidas Watches","description":"Time for me","publisher":{"@id":"https:\/\/adidaswatches.com\/fr\/#organization"},"potentialAction":[{"@type":"SearchAction","target":{"@type":"EntryPoint","urlTemplate":"https:\/\/adidaswatches.com\/fr\/?s={search_term_string}"},"query-input":{"@type":"PropertyValueSpecification","valueRequired":true,"valueName":"search_term_string"}}],"inLanguage":"fr-FR"},{"@type":"Organization","@id":"https:\/\/adidaswatches.com\/fr\/#organization","name":"Adidas Watches","url":"https:\/\/adidaswatches.com\/fr\/","logo":{"@type":"ImageObject","inLanguage":"fr-FR","@id":"https:\/\/adidaswatches.com\/fr\/#\/schema\/logo\/image\/","url":"https:\/\/adidaswatches.com\/wp-content\/uploads\/2024\/04\/logo-trefoil.svg","contentUrl":"https:\/\/adidaswatches.com\/wp-content\/uploads\/2024\/04\/logo-trefoil.svg","caption":"Adidas Watches"},"image":{"@id":"https:\/\/adidaswatches.com\/fr\/#\/schema\/logo\/image\/"}}]}},"_links":{"self":[{"href":"https:\/\/adidaswatches.com\/fr\/wp-json\/wp\/v2\/pages\/97","targetHints":{"allow":["GET"]}}],"collection":[{"href":"https:\/\/adidaswatches.com\/fr\/wp-json\/wp\/v2\/pages"}],"about":[{"href":"https:\/\/adidaswatches.com\/fr\/wp-json\/wp\/v2\/types\/page"}],"author":[{"embeddable":true,"href":"https:\/\/adidaswatches.com\/fr\/wp-json\/wp\/v2\/users\/2"}],"replies":[{"embeddable":true,"href":"https:\/\/adidaswatches.com\/fr\/wp-json\/wp\/v2\/comments?post=97"}],"version-history":[{"count":20,"href":"https:\/\/adidaswatches.com\/fr\/wp-json\/wp\/v2\/pages\/97\/revisions"}],"predecessor-version":[{"id":1531,"href":"https:\/\/adidaswatches.com\/fr\/wp-json\/wp\/v2\/pages\/97\/revisions\/1531"}],"wp:attachment":[{"href":"https:\/\/adidaswatches.com\/fr\/wp-json\/wp\/v2\/media?parent=97"}],"curies":[{"name":"wp","href":"https:\/\/api.w.org\/{rel}","templated":true}]}}